{"id":1471,"date":"2024-12-09T16:49:46","date_gmt":"2024-12-09T16:49:46","guid":{"rendered":"https:\/\/red-beaver-753712.hostingersite.com\/?page_id=1471"},"modified":"2024-12-11T14:05:01","modified_gmt":"2024-12-11T14:05:01","slug":"reduza-tributos","status":"publish","type":"page","link":"https:\/\/reduzatributos.com.br\/?page_id=1471","title":{"rendered":"Reduza Tributos"},"content":{"rendered":"<style>.elementor-1471 .elementor-element.elementor-element-e066920{--display:flex;--flex-direction:column;--container-widget-width:calc( ( 1 - var( --container-widget-flex-grow ) ) * 100% );--container-widget-height:initial;--container-widget-flex-grow:0;--container-widget-align-self:initial;--flex-wrap-mobile:wrap;--align-items:center;--overlay-opacity:1;--padding-top:7%;--padding-bottom:0%;--padding-left:0%;--padding-right:0%;}.elementor-1471 .elementor-element.elementor-element-e066920:not(.elementor-motion-effects-element-type-background), .elementor-1471 .elementor-element.elementor-element-e066920 > .elementor-motion-effects-container > .elementor-motion-effects-layer{background-image:url(\"https:\/\/reduzatributos.com.br\/wp-content\/uploads\/2024\/12\/young-serious-webdesigner-with-laptop-concentrating-on-network.jpg\");background-position:center center;background-repeat:no-repeat;background-size:cover;}.elementor-1471 .elementor-element.elementor-element-e066920::before, .elementor-1471 .elementor-element.elementor-element-e066920 > .elementor-background-video-container::before, .elementor-1471 .elementor-element.elementor-element-e066920 > .e-con-inner > .elementor-background-video-container::before, .elementor-1471 .elementor-element.elementor-element-e066920 > .elementor-background-slideshow::before, .elementor-1471 .elementor-element.elementor-element-e066920 > .e-con-inner > .elementor-background-slideshow::before, .elementor-1471 .elementor-element.elementor-element-e066920 > .elementor-motion-effects-container > .elementor-motion-effects-layer::before{--background-overlay:'';background-color:#070709C7;}.elementor-1471 .elementor-element.elementor-element-3dfa87a{--display:flex;--padding-top:5em;--padding-bottom:5em;--padding-left:1em;--padding-right:1em;}.elementor-1471 .elementor-element.elementor-element-5dcb2d0{text-align:center;}.elementor-1471 .elementor-element.elementor-element-5dcb2d0 .elementor-heading-title{font-family:\"Montserrat\", Sans-serif;font-size:23px;}.elementor-1471 .elementor-element.elementor-element-c8e6915{text-align:center;}.elementor-1471 .elementor-element.elementor-element-c8e6915 .elementor-heading-title{font-family:\"Montserrat\", Sans-serif;font-size:52px;font-weight:300;color:var( --e-global-color-text );}.elementor-1471 .elementor-element.elementor-element-fe181b1{--display:flex;--flex-direction:row;--container-widget-width:initial;--container-widget-height:100%;--container-widget-flex-grow:1;--container-widget-align-self:stretch;--flex-wrap-mobile:wrap;--justify-content:space-between;--gap:0px 0px;--row-gap:0px;--column-gap:0px;--flex-wrap:wrap;--padding-top:4em;--padding-bottom:7em;--padding-left:0em;--padding-right:0em;}.elementor-1471 .elementor-element.elementor-element-4ac1df6{--display:flex;--padding-top:3em;--padding-bottom:1em;--padding-left:1em;--padding-right:3em;}.elementor-1471 .elementor-element.elementor-element-97e87a8{--display:grid;--e-con-grid-template-columns:repeat(2, 1fr);--e-con-grid-template-rows:repeat(1, 1fr);--grid-auto-flow:row;}.elementor-1471 .elementor-element.elementor-element-337b49f{text-align:justify;font-family:\"Montserrat\", Sans-serif;font-size:19px;line-height:35px;color:#DBDBDB;}.elementor-1471 .elementor-element.elementor-element-0bcc9fe img{width:78%;border-radius:7px 7px 7px 7px;}.elementor-1471 .elementor-element.elementor-element-6df0b6a{text-align:justify;font-family:\"Montserrat\", Sans-serif;font-size:19px;line-height:35px;color:#DBDBDB;}@media(max-width:1024px){.elementor-1471 .elementor-element.elementor-element-e066920{--padding-top:7em;--padding-bottom:0em;--padding-left:0em;--padding-right:0em;}.elementor-1471 .elementor-element.elementor-element-3dfa87a{--justify-content:center;--padding-top:5em;--padding-bottom:5em;--padding-left:1em;--padding-right:1em;}.elementor-1471 .elementor-element.elementor-element-fe181b1{--padding-top:3em;--padding-bottom:3em;--padding-left:0em;--padding-right:0em;}.elementor-1471 .elementor-element.elementor-element-97e87a8{--grid-auto-flow:row;}}@media(max-width:767px){.elementor-1471 .elementor-element.elementor-element-e066920{--padding-top:6em;--padding-bottom:0em;--padding-left:0em;--padding-right:0em;}.elementor-1471 .elementor-element.elementor-element-3dfa87a{--padding-top:3em;--padding-bottom:3em;--padding-left:1em;--padding-right:1em;}.elementor-1471 .elementor-element.elementor-element-c8e6915{text-align:center;}.elementor-1471 .elementor-element.elementor-element-c8e6915 .elementor-heading-title{font-size:21px;line-height:1.4em;}.elementor-1471 .elementor-element.elementor-element-fe181b1{--padding-top:0em;--padding-bottom:2em;--padding-left:0em;--padding-right:0em;}.elementor-1471 .elementor-element.elementor-element-4ac1df6{--align-items:center;--container-widget-width:calc( ( 1 - var( --container-widget-flex-grow ) ) * 100% );--padding-top:2em;--padding-bottom:2em;--padding-left:2em;--padding-right:2em;}.elementor-1471 .elementor-element.elementor-element-97e87a8{--e-con-grid-template-columns:repeat(1, 1fr);--grid-auto-flow:row;}.elementor-1471 .elementor-element.elementor-element-337b49f{text-align:justify;font-size:16px;}.elementor-1471 .elementor-element.elementor-element-0bcc9fe img{width:100%;}.elementor-1471 .elementor-element.elementor-element-6df0b6a{text-align:justify;font-size:16px;}}@media(min-width:768px){.elementor-1471 .elementor-element.elementor-element-3dfa87a{--width:100%;}.elementor-1471 .elementor-element.elementor-element-4ac1df6{--width:100%;}}@media(max-width:1024px) and (min-width:768px){.elementor-1471 .elementor-element.elementor-element-3dfa87a{--width:60%;}.elementor-1471 .elementor-element.elementor-element-4ac1df6{--width:55%;}}<\/style>\t\t<div data-elementor-type=\"wp-page\" data-elementor-id=\"1471\" class=\"elementor elementor-1471\" data-elementor-post-type=\"page\">\n\t\t\t\t<div class=\"elementor-element elementor-element-e066920 e-flex e-con-boxed wpr-particle-no wpr-jarallax-no wpr-parallax-no wpr-sticky-section-no wpr-equal-height-no e-con e-parent\" data-id=\"e066920\" data-element_type=\"container\" data-e-type=\"container\" data-settings=\"{&quot;background_background&quot;:&quot;classic&quot;}\">\n\t\t\t\t\t<div class=\"e-con-inner\">\n\t\t<div class=\"elementor-element elementor-element-3dfa87a e-con-full e-flex wpr-particle-no wpr-jarallax-no wpr-parallax-no wpr-sticky-section-no wpr-equal-height-no e-con e-child\" data-id=\"3dfa87a\" data-element_type=\"container\" data-e-type=\"container\">\n\t\t\t\t<div class=\"elementor-element elementor-element-5dcb2d0 elementor-widget elementor-widget-heading\" data-id=\"5dcb2d0\" data-element_type=\"widget\" data-e-type=\"widget\" data-widget_type=\"heading.default\">\n\t\t\t\t<div class=\"elementor-widget-container\">\n\t\t\t\t\t<h2 class=\"elementor-heading-title elementor-size-default\">Seja Nosso Cliente!<\/h2>\t\t\t\t<\/div>\n\t\t\t\t<\/div>\n\t\t\t\t<div class=\"elementor-element elementor-element-c8e6915 elementor-widget elementor-widget-heading\" data-id=\"c8e6915\" data-element_type=\"widget\" data-e-type=\"widget\" data-widget_type=\"heading.default\">\n\t\t\t\t<div class=\"elementor-widget-container\">\n\t\t\t\t\t<h2 class=\"elementor-heading-title elementor-size-default\">Reduza <span style=\"color:#E0AA3E\"><b> Tributos  <\/span><\/b> <\/h2>\t\t\t\t<\/div>\n\t\t\t\t<\/div>\n\t\t\t\t<\/div>\n\t\t\t\t\t<\/div>\n\t\t\t\t<\/div>\n\t\t<div class=\"elementor-element elementor-element-fe181b1 e-flex e-con-boxed wpr-particle-no wpr-jarallax-no wpr-parallax-no wpr-sticky-section-no wpr-equal-height-no e-con e-parent\" data-id=\"fe181b1\" data-element_type=\"container\" data-e-type=\"container\">\n\t\t\t\t\t<div class=\"e-con-inner\">\n\t\t<div class=\"elementor-element elementor-element-4ac1df6 e-con-full e-flex wpr-particle-no wpr-jarallax-no wpr-parallax-no wpr-sticky-section-no wpr-equal-height-no e-con e-child\" data-id=\"4ac1df6\" data-element_type=\"container\" data-e-type=\"container\">\n\t\t<div class=\"elementor-element elementor-element-97e87a8 e-grid e-con-full wpr-particle-no wpr-jarallax-no wpr-parallax-no wpr-sticky-section-no wpr-equal-height-no e-con e-child\" data-id=\"97e87a8\" data-element_type=\"container\" data-e-type=\"container\">\n\t\t\t\t<div class=\"elementor-element elementor-element-337b49f elementor-widget elementor-widget-text-editor\" data-id=\"337b49f\" data-element_type=\"widget\" data-e-type=\"widget\" data-widget_type=\"text-editor.default\">\n\t\t\t\t<div class=\"elementor-widget-container\">\n\t\t\t\t\t\t\t\t\t<p><strong>QUEM SOMOS<\/strong><br \/>Na<strong> REDUZA TRIBUTOS,<\/strong> transformamos a <strong>GEST\u00c3O TRIBUT\u00c1RIA<\/strong> em um <strong>DIFERENCIAL<\/strong> <strong>ESTRAT\u00c9GICO<\/strong> para o seu neg\u00f3cio. Somos uma empresa <strong>ESPECIALIZADA EM SOLU\u00c7\u00d5ES FISCAIS COMPLETAS,<\/strong> oferecendo <strong>SUPORTE PERSONALIZADO<\/strong> para empresas que desejam <strong>REDUZIR CUSTOS, RECUPERAR CR\u00c9DITOS<\/strong> e garantir a <strong>CONFORMIDADE COM A LEGISLA\u00c7\u00c3O<\/strong> de forma \u00e9tica e eficiente.<\/p><p>Com uma <strong>EQUIPE FORMADA POR ESPECIALISTAS<\/strong> em direito tribut\u00e1rio, contabilidade e planejamento fiscal, trabalhamos com <strong>FOCO EM RESULTADOS CONCRETOS<\/strong>, ajudando empresas a enfrentarem os desafios do <strong>COMPLEXO SISTEMA TRIBUT\u00c1RIO BRASILEIRO<\/strong>. Atuamos de forma <strong>ESTRAT\u00c9GICA<\/strong>, analisando as <strong>ESPECIFICIDADES DE CADA CLIENTE<\/strong> para propor<strong> SOLU\u00c7\u00d5ES SOB MEDIDA<\/strong> que gerem <strong>ECONOMIA E SEGURAN\u00c7A JUR\u00cdDICA.<\/strong><\/p>\t\t\t\t\t\t\t\t<\/div>\n\t\t\t\t<\/div>\n\t\t\t\t<div class=\"elementor-element elementor-element-0bcc9fe elementor-widget elementor-widget-image\" data-id=\"0bcc9fe\" data-element_type=\"widget\" data-e-type=\"widget\" data-widget_type=\"image.default\">\n\t\t\t\t<div class=\"elementor-widget-container\">\n\t\t\t\t\t\t\t\t\t\t\t\t\t\t\t<img fetchpriority=\"high\" decoding=\"async\" width=\"1536\" height=\"2048\" src=\"https:\/\/reduzatributos.com.br\/wp-content\/uploads\/2024\/12\/IMG_6047-1-2.jpeg\" class=\"attachment-full size-full wp-image-1239\" alt=\"\" srcset=\"https:\/\/reduzatributos.com.br\/wp-content\/uploads\/2024\/12\/IMG_6047-1-2.jpeg 1536w, https:\/\/reduzatributos.com.br\/wp-content\/uploads\/2024\/12\/IMG_6047-1-2-225x300.jpeg 225w, https:\/\/reduzatributos.com.br\/wp-content\/uploads\/2024\/12\/IMG_6047-1-2-768x1024.jpeg 768w, https:\/\/reduzatributos.com.br\/wp-content\/uploads\/2024\/12\/IMG_6047-1-2-1152x1536.jpeg 1152w\" sizes=\"(max-width: 1536px) 100vw, 1536px\" \/>\t\t\t\t\t\t\t\t\t\t\t\t\t\t\t<\/div>\n\t\t\t\t<\/div>\n\t\t\t\t<\/div>\n\t\t\t\t<div class=\"elementor-element elementor-element-6df0b6a elementor-widget elementor-widget-text-editor\" data-id=\"6df0b6a\" data-element_type=\"widget\" data-e-type=\"widget\" data-widget_type=\"text-editor.default\">\n\t\t\t\t<div class=\"elementor-widget-container\">\n\t\t\t\t\t\t\t\t\t<p>Nosso compromisso \u00e9 simples:<strong> ENTREGAR RESULTADOS REAIS<\/strong> que impactem positivamente o <strong>DESEMPENHO FINANCEIRO<\/strong> do seu neg\u00f3cio.<\/p><p><strong>NOSSA PROPOSTA DE VALOR<\/strong><br \/><strong>SOLU\u00c7\u00d5ES SOB MEDIDA<\/strong>: Cada cliente tem <strong>NECESSIDADES \u00daNICAS<\/strong>, e nossas estrat\u00e9gias s\u00e3o <strong>PERSONALIZADAS<\/strong> para atender \u00e0s <strong>PARTICULARIDADES<\/strong> do seu setor e opera\u00e7\u00e3o.<br \/><strong>REDU\u00c7\u00c3O DE CUSTOS<\/strong>: Identificamos oportunidades para <strong>REDUZIR A CARGA TRIBUT\u00c1RIA<\/strong> da sua empresa, sem comprometer a <strong>SEGURAN\u00c7A JUR\u00cdDICA<\/strong>.<br \/><strong>CONFORMIDADE LEGAL<\/strong>: Garantimos que sua empresa esteja sempre em <strong>CONFORMIDADE COM A LEGISLA\u00c7\u00c3O<\/strong>, evitando <strong>RISCOS E PENALIDADES.<\/strong><br \/><strong>EQUIPE QUALIFICADA<\/strong>: Contamos com <strong>PROFISSIONAIS EXPERIENTES<\/strong> e altamente capacitados, comprometidos em <strong>ENTREGAR SOLU\u00c7\u00d5ES DE EXCEL\u00caNCIA<\/strong>.<\/p><p>Na <strong>REDUZA TRIBUTOS<\/strong>, acreditamos que a <strong>TRIBUTA\u00c7\u00c3O N\u00c3O PRECISA SER UM OBST\u00c1CULO<\/strong>, mas sim uma <strong>OPORTUNIDADE DE CRESCIMENTO<\/strong> para sua empresa. Estamos aqui para <strong>DESCOMPLICAR O SISTEMA TRIBUT\u00c1RIO<\/strong>, entregar <strong>ECONOMIA<\/strong> e ajudar voc\u00ea a focar no que realmente importa: o <strong>SUCESSO DO SEU NEG\u00d3CIO.<\/strong><\/p><p><strong>REDUZA TRIBUTOS \u2013 SUA PARCEIRA ESTRAT\u00c9GICA PARA ECONOMIA FISCAL E SEGURAN\u00c7A JUR\u00cdDICA.<\/strong><\/p>\t\t\t\t\t\t\t\t<\/div>\n\t\t\t\t<\/div>\n\t\t\t\t<\/div>\n\t\t\t\t\t<\/div>\n\t\t\t\t<\/div>\n\t\t\t\t<\/div>\n\t\t","protected":false},"excerpt":{"rendered":"<p>Seja Nosso Cliente! Reduza Tributos QUEM SOMOSNa REDUZA TRIBUTOS, transformamos a GEST\u00c3O TRIBUT\u00c1RIA em um DIFERENCIAL ESTRAT\u00c9GICO para o seu neg\u00f3cio. Somos uma empresa ESPECIALIZADA EM SOLU\u00c7\u00d5ES FISCAIS COMPLETAS, oferecendo SUPORTE PERSONALIZADO para empresas que desejam REDUZIR CUSTOS, RECUPERAR CR\u00c9DITOS e garantir a CONFORMIDADE COM A LEGISLA\u00c7\u00c3O de forma \u00e9tica e eficiente. Com uma EQUIPE FORMADA POR ESPECIALISTAS em direito tribut\u00e1rio, contabilidade e planejamento fiscal, trabalhamos com FOCO EM RESULTADOS CONCRETOS, ajudando empresas a enfrentarem os desafios do COMPLEXO SISTEMA TRIBUT\u00c1RIO BRASILEIRO. Atuamos de forma ESTRAT\u00c9GICA, analisando as ESPECIFICIDADES DE CADA CLIENTE para propor SOLU\u00c7\u00d5ES SOB MEDIDA que gerem ECONOMIA E SEGURAN\u00c7A JUR\u00cdDICA. Nosso compromisso \u00e9 simples: ENTREGAR RESULTADOS REAIS que impactem positivamente o DESEMPENHO FINANCEIRO do seu neg\u00f3cio. NOSSA PROPOSTA DE VALORSOLU\u00c7\u00d5ES SOB MEDIDA: Cada cliente tem NECESSIDADES \u00daNICAS, e nossas estrat\u00e9gias s\u00e3o PERSONALIZADAS para atender \u00e0s PARTICULARIDADES do seu setor e opera\u00e7\u00e3o.REDU\u00c7\u00c3O DE CUSTOS: Identificamos oportunidades para REDUZIR A CARGA TRIBUT\u00c1RIA da sua empresa, sem comprometer a SEGURAN\u00c7A JUR\u00cdDICA.CONFORMIDADE LEGAL: Garantimos que sua empresa esteja sempre em CONFORMIDADE COM A LEGISLA\u00c7\u00c3O, evitando RISCOS E PENALIDADES.EQUIPE QUALIFICADA: Contamos com PROFISSIONAIS EXPERIENTES e altamente capacitados, comprometidos em ENTREGAR SOLU\u00c7\u00d5ES DE EXCEL\u00caNCIA. Na REDUZA TRIBUTOS, acreditamos que a TRIBUTA\u00c7\u00c3O N\u00c3O PRECISA SER UM OBST\u00c1CULO, mas sim uma OPORTUNIDADE DE CRESCIMENTO para sua empresa. Estamos aqui para DESCOMPLICAR O SISTEMA TRIBUT\u00c1RIO, entregar ECONOMIA e ajudar voc\u00ea a focar no que realmente importa: o SUCESSO DO SEU NEG\u00d3CIO. REDUZA TRIBUTOS \u2013 SUA PARCEIRA ESTRAT\u00c9GICA PARA ECONOMIA FISCAL E SEGURAN\u00c7A JUR\u00cdDICA.<\/p>\n","protected":false},"author":1,"featured_media":0,"parent":0,"menu_order":0,"comment_status":"closed","ping_status":"closed","template":"elementor_header_footer","meta":{"postBodyCss":"","postBodyMargin":[],"postBodyPadding":[],"postBodyBackground":{"backgroundType":"classic","gradient":""},"footnotes":""},"class_list":["post-1471","page","type-page","status-publish","hentry"],"yoast_head":"<!-- This site is optimized with the Yoast SEO plugin v27.4 - https:\/\/yoast.com\/product\/yoast-seo-wordpress\/ -->\n<title>Reduza Tributos - Reduza Tributos<\/title>\n<meta name=\"robots\" content=\"index, follow, max-snippet:-1, max-image-preview:large, max-video-preview:-1\" \/>\n<link rel=\"canonical\" href=\"https:\/\/reduzatributos.com.br\/?page_id=1471\" \/>\n<meta property=\"og:locale\" content=\"pt_BR\" \/>\n<meta property=\"og:type\" content=\"article\" \/>\n<meta property=\"og:title\" content=\"Reduza Tributos - Reduza Tributos\" \/>\n<meta property=\"og:description\" content=\"Seja Nosso Cliente! Reduza Tributos QUEM SOMOSNa REDUZA TRIBUTOS, transformamos a GEST\u00c3O TRIBUT\u00c1RIA em um DIFERENCIAL ESTRAT\u00c9GICO para o seu neg\u00f3cio. Somos uma empresa ESPECIALIZADA EM SOLU\u00c7\u00d5ES FISCAIS COMPLETAS, oferecendo SUPORTE PERSONALIZADO para empresas que desejam REDUZIR CUSTOS, RECUPERAR CR\u00c9DITOS e garantir a CONFORMIDADE COM A LEGISLA\u00c7\u00c3O de forma \u00e9tica e eficiente. Com uma EQUIPE FORMADA POR ESPECIALISTAS em direito tribut\u00e1rio, contabilidade e planejamento fiscal, trabalhamos com FOCO EM RESULTADOS CONCRETOS, ajudando empresas a enfrentarem os desafios do COMPLEXO SISTEMA TRIBUT\u00c1RIO BRASILEIRO. Atuamos de forma ESTRAT\u00c9GICA, analisando as ESPECIFICIDADES DE CADA CLIENTE para propor SOLU\u00c7\u00d5ES SOB MEDIDA que gerem ECONOMIA E SEGURAN\u00c7A JUR\u00cdDICA. Nosso compromisso \u00e9 simples: ENTREGAR RESULTADOS REAIS que impactem positivamente o DESEMPENHO FINANCEIRO do seu neg\u00f3cio. NOSSA PROPOSTA DE VALORSOLU\u00c7\u00d5ES SOB MEDIDA: Cada cliente tem NECESSIDADES \u00daNICAS, e nossas estrat\u00e9gias s\u00e3o PERSONALIZADAS para atender \u00e0s PARTICULARIDADES do seu setor e opera\u00e7\u00e3o.REDU\u00c7\u00c3O DE CUSTOS: Identificamos oportunidades para REDUZIR A CARGA TRIBUT\u00c1RIA da sua empresa, sem comprometer a SEGURAN\u00c7A JUR\u00cdDICA.CONFORMIDADE LEGAL: Garantimos que sua empresa esteja sempre em CONFORMIDADE COM A LEGISLA\u00c7\u00c3O, evitando RISCOS E PENALIDADES.EQUIPE QUALIFICADA: Contamos com PROFISSIONAIS EXPERIENTES e altamente capacitados, comprometidos em ENTREGAR SOLU\u00c7\u00d5ES DE EXCEL\u00caNCIA. Na REDUZA TRIBUTOS, acreditamos que a TRIBUTA\u00c7\u00c3O N\u00c3O PRECISA SER UM OBST\u00c1CULO, mas sim uma OPORTUNIDADE DE CRESCIMENTO para sua empresa. Estamos aqui para DESCOMPLICAR O SISTEMA TRIBUT\u00c1RIO, entregar ECONOMIA e ajudar voc\u00ea a focar no que realmente importa: o SUCESSO DO SEU NEG\u00d3CIO. REDUZA TRIBUTOS \u2013 SUA PARCEIRA ESTRAT\u00c9GICA PARA ECONOMIA FISCAL E SEGURAN\u00c7A JUR\u00cdDICA.\" \/>\n<meta property=\"og:url\" content=\"https:\/\/reduzatributos.com.br\/?page_id=1471\" \/>\n<meta property=\"og:site_name\" content=\"Reduza Tributos\" \/>\n<meta property=\"article:modified_time\" content=\"2024-12-11T14:05:01+00:00\" \/>\n<meta property=\"og:image\" content=\"https:\/\/red-beaver-753712.hostingersite.com\/wp-content\/uploads\/2024\/12\/IMG_6047-1-2.jpeg\" \/>\n<meta name=\"twitter:card\" content=\"summary_large_image\" \/>\n<meta name=\"twitter:label1\" content=\"Est. tempo de leitura\" \/>\n\t<meta name=\"twitter:data1\" content=\"2 minutos\" \/>\n<script type=\"application\/ld+json\" class=\"yoast-schema-graph\">{\"@context\":\"https:\\\/\\\/schema.org\",\"@graph\":[{\"@type\":\"WebPage\",\"@id\":\"https:\\\/\\\/reduzatributos.com.br\\\/?page_id=1471\",\"url\":\"https:\\\/\\\/reduzatributos.com.br\\\/?page_id=1471\",\"name\":\"Reduza Tributos - Reduza Tributos\",\"isPartOf\":{\"@id\":\"https:\\\/\\\/reduzatributos.com.br\\\/#website\"},\"primaryImageOfPage\":{\"@id\":\"https:\\\/\\\/reduzatributos.com.br\\\/?page_id=1471#primaryimage\"},\"image\":{\"@id\":\"https:\\\/\\\/reduzatributos.com.br\\\/?page_id=1471#primaryimage\"},\"thumbnailUrl\":\"https:\\\/\\\/red-beaver-753712.hostingersite.com\\\/wp-content\\\/uploads\\\/2024\\\/12\\\/IMG_6047-1-2.jpeg\",\"datePublished\":\"2024-12-09T16:49:46+00:00\",\"dateModified\":\"2024-12-11T14:05:01+00:00\",\"breadcrumb\":{\"@id\":\"https:\\\/\\\/reduzatributos.com.br\\\/?page_id=1471#breadcrumb\"},\"inLanguage\":\"pt-BR\",\"potentialAction\":[{\"@type\":\"ReadAction\",\"target\":[\"https:\\\/\\\/reduzatributos.com.br\\\/?page_id=1471\"]}]},{\"@type\":\"ImageObject\",\"inLanguage\":\"pt-BR\",\"@id\":\"https:\\\/\\\/reduzatributos.com.br\\\/?page_id=1471#primaryimage\",\"url\":\"https:\\\/\\\/red-beaver-753712.hostingersite.com\\\/wp-content\\\/uploads\\\/2024\\\/12\\\/IMG_6047-1-2.jpeg\",\"contentUrl\":\"https:\\\/\\\/red-beaver-753712.hostingersite.com\\\/wp-content\\\/uploads\\\/2024\\\/12\\\/IMG_6047-1-2.jpeg\"},{\"@type\":\"BreadcrumbList\",\"@id\":\"https:\\\/\\\/reduzatributos.com.br\\\/?page_id=1471#breadcrumb\",\"itemListElement\":[{\"@type\":\"ListItem\",\"position\":1,\"name\":\"Home\",\"item\":\"https:\\\/\\\/reduzatributos.com.br\\\/\"},{\"@type\":\"ListItem\",\"position\":2,\"name\":\"Reduza Tributos\"}]},{\"@type\":\"WebSite\",\"@id\":\"https:\\\/\\\/reduzatributos.com.br\\\/#website\",\"url\":\"https:\\\/\\\/reduzatributos.com.br\\\/\",\"name\":\"Reduza Tributos\",\"description\":\"\",\"potentialAction\":[{\"@type\":\"SearchAction\",\"target\":{\"@type\":\"EntryPoint\",\"urlTemplate\":\"https:\\\/\\\/reduzatributos.com.br\\\/?s={search_term_string}\"},\"query-input\":{\"@type\":\"PropertyValueSpecification\",\"valueRequired\":true,\"valueName\":\"search_term_string\"}}],\"inLanguage\":\"pt-BR\"}]}<\/script>\n<!-- \/ Yoast SEO plugin. -->","yoast_head_json":{"title":"Reduza Tributos - Reduza Tributos","robots":{"index":"index","follow":"follow","max-snippet":"max-snippet:-1","max-image-preview":"max-image-preview:large","max-video-preview":"max-video-preview:-1"},"canonical":"https:\/\/reduzatributos.com.br\/?page_id=1471","og_locale":"pt_BR","og_type":"article","og_title":"Reduza Tributos - Reduza Tributos","og_description":"Seja Nosso Cliente! Reduza Tributos QUEM SOMOSNa REDUZA TRIBUTOS, transformamos a GEST\u00c3O TRIBUT\u00c1RIA em um DIFERENCIAL ESTRAT\u00c9GICO para o seu neg\u00f3cio. Somos uma empresa ESPECIALIZADA EM SOLU\u00c7\u00d5ES FISCAIS COMPLETAS, oferecendo SUPORTE PERSONALIZADO para empresas que desejam REDUZIR CUSTOS, RECUPERAR CR\u00c9DITOS e garantir a CONFORMIDADE COM A LEGISLA\u00c7\u00c3O de forma \u00e9tica e eficiente. Com uma EQUIPE FORMADA POR ESPECIALISTAS em direito tribut\u00e1rio, contabilidade e planejamento fiscal, trabalhamos com FOCO EM RESULTADOS CONCRETOS, ajudando empresas a enfrentarem os desafios do COMPLEXO SISTEMA TRIBUT\u00c1RIO BRASILEIRO. Atuamos de forma ESTRAT\u00c9GICA, analisando as ESPECIFICIDADES DE CADA CLIENTE para propor SOLU\u00c7\u00d5ES SOB MEDIDA que gerem ECONOMIA E SEGURAN\u00c7A JUR\u00cdDICA. Nosso compromisso \u00e9 simples: ENTREGAR RESULTADOS REAIS que impactem positivamente o DESEMPENHO FINANCEIRO do seu neg\u00f3cio. NOSSA PROPOSTA DE VALORSOLU\u00c7\u00d5ES SOB MEDIDA: Cada cliente tem NECESSIDADES \u00daNICAS, e nossas estrat\u00e9gias s\u00e3o PERSONALIZADAS para atender \u00e0s PARTICULARIDADES do seu setor e opera\u00e7\u00e3o.REDU\u00c7\u00c3O DE CUSTOS: Identificamos oportunidades para REDUZIR A CARGA TRIBUT\u00c1RIA da sua empresa, sem comprometer a SEGURAN\u00c7A JUR\u00cdDICA.CONFORMIDADE LEGAL: Garantimos que sua empresa esteja sempre em CONFORMIDADE COM A LEGISLA\u00c7\u00c3O, evitando RISCOS E PENALIDADES.EQUIPE QUALIFICADA: Contamos com PROFISSIONAIS EXPERIENTES e altamente capacitados, comprometidos em ENTREGAR SOLU\u00c7\u00d5ES DE EXCEL\u00caNCIA. Na REDUZA TRIBUTOS, acreditamos que a TRIBUTA\u00c7\u00c3O N\u00c3O PRECISA SER UM OBST\u00c1CULO, mas sim uma OPORTUNIDADE DE CRESCIMENTO para sua empresa. Estamos aqui para DESCOMPLICAR O SISTEMA TRIBUT\u00c1RIO, entregar ECONOMIA e ajudar voc\u00ea a focar no que realmente importa: o SUCESSO DO SEU NEG\u00d3CIO. REDUZA TRIBUTOS \u2013 SUA PARCEIRA ESTRAT\u00c9GICA PARA ECONOMIA FISCAL E SEGURAN\u00c7A JUR\u00cdDICA.","og_url":"https:\/\/reduzatributos.com.br\/?page_id=1471","og_site_name":"Reduza Tributos","article_modified_time":"2024-12-11T14:05:01+00:00","og_image":[{"url":"https:\/\/red-beaver-753712.hostingersite.com\/wp-content\/uploads\/2024\/12\/IMG_6047-1-2.jpeg","type":"","width":"","height":""}],"twitter_card":"summary_large_image","twitter_misc":{"Est. tempo de leitura":"2 minutos"},"schema":{"@context":"https:\/\/schema.org","@graph":[{"@type":"WebPage","@id":"https:\/\/reduzatributos.com.br\/?page_id=1471","url":"https:\/\/reduzatributos.com.br\/?page_id=1471","name":"Reduza Tributos - Reduza Tributos","isPartOf":{"@id":"https:\/\/reduzatributos.com.br\/#website"},"primaryImageOfPage":{"@id":"https:\/\/reduzatributos.com.br\/?page_id=1471#primaryimage"},"image":{"@id":"https:\/\/reduzatributos.com.br\/?page_id=1471#primaryimage"},"thumbnailUrl":"https:\/\/red-beaver-753712.hostingersite.com\/wp-content\/uploads\/2024\/12\/IMG_6047-1-2.jpeg","datePublished":"2024-12-09T16:49:46+00:00","dateModified":"2024-12-11T14:05:01+00:00","breadcrumb":{"@id":"https:\/\/reduzatributos.com.br\/?page_id=1471#breadcrumb"},"inLanguage":"pt-BR","potentialAction":[{"@type":"ReadAction","target":["https:\/\/reduzatributos.com.br\/?page_id=1471"]}]},{"@type":"ImageObject","inLanguage":"pt-BR","@id":"https:\/\/reduzatributos.com.br\/?page_id=1471#primaryimage","url":"https:\/\/red-beaver-753712.hostingersite.com\/wp-content\/uploads\/2024\/12\/IMG_6047-1-2.jpeg","contentUrl":"https:\/\/red-beaver-753712.hostingersite.com\/wp-content\/uploads\/2024\/12\/IMG_6047-1-2.jpeg"},{"@type":"BreadcrumbList","@id":"https:\/\/reduzatributos.com.br\/?page_id=1471#breadcrumb","itemListElement":[{"@type":"ListItem","position":1,"name":"Home","item":"https:\/\/reduzatributos.com.br\/"},{"@type":"ListItem","position":2,"name":"Reduza Tributos"}]},{"@type":"WebSite","@id":"https:\/\/reduzatributos.com.br\/#website","url":"https:\/\/reduzatributos.com.br\/","name":"Reduza Tributos","description":"","potentialAction":[{"@type":"SearchAction","target":{"@type":"EntryPoint","urlTemplate":"https:\/\/reduzatributos.com.br\/?s={search_term_string}"},"query-input":{"@type":"PropertyValueSpecification","valueRequired":true,"valueName":"search_term_string"}}],"inLanguage":"pt-BR"}]}},"_links":{"self":[{"href":"https:\/\/reduzatributos.com.br\/index.php?rest_route=\/wp\/v2\/pages\/1471","targetHints":{"allow":["GET"]}}],"collection":[{"href":"https:\/\/reduzatributos.com.br\/index.php?rest_route=\/wp\/v2\/pages"}],"about":[{"href":"https:\/\/reduzatributos.com.br\/index.php?rest_route=\/wp\/v2\/types\/page"}],"author":[{"embeddable":true,"href":"https:\/\/reduzatributos.com.br\/index.php?rest_route=\/wp\/v2\/users\/1"}],"replies":[{"embeddable":true,"href":"https:\/\/reduzatributos.com.br\/index.php?rest_route=%2Fwp%2Fv2%2Fcomments&post=1471"}],"version-history":[{"count":16,"href":"https:\/\/reduzatributos.com.br\/index.php?rest_route=\/wp\/v2\/pages\/1471\/revisions"}],"predecessor-version":[{"id":1517,"href":"https:\/\/reduzatributos.com.br\/index.php?rest_route=\/wp\/v2\/pages\/1471\/revisions\/1517"}],"wp:attachment":[{"href":"https:\/\/reduzatributos.com.br\/index.php?rest_route=%2Fwp%2Fv2%2Fmedia&parent=1471"}],"curies":[{"name":"wp","href":"https:\/\/api.w.org\/{rel}","templated":true}]}}